{"id":1897,"date":"2023-01-26T17:02:16","date_gmt":"2023-01-26T14:02:16","guid":{"rendered":"https:\/\/test.7-24yolyardimi.com\/?page_id=1897"},"modified":"2023-01-26T17:02:18","modified_gmt":"2023-01-26T14:02:18","slug":"misyonumuz","status":"publish","type":"page","link":"https:\/\/7-24yolyardimi.com\/?page_id=1897","title":{"rendered":"Misyonumuz"},"content":{"rendered":"<section class=\"wpb-content-wrapper\">[vc_row][vc_column][vc_custom_heading text=\u201d7\/24 <a href=\"https:\/\/7-24yolyardimi.com\/?p=2005\">Yol Yard\u0131m<\/a> \u2013 Misyonumuz\u201d][\/vc_column][\/vc_row][vc_row][vc_column][vc_column_text]7-24 <a href=\"https:\/\/7-24yolyardimi.com\/?p=2141\">Yol Yard\u0131m\u0131<\/a> olas\u0131 bir ar\u0131za durumunda acil yol yard\u0131m hizmeti sayesinde, arac\u0131n\u0131z onar\u0131ma ihtiya\u00e7 duydu\u011funda, ekibimiz en k\u0131sa s\u00fcrede ula\u015f\u0131r ve ar\u0131zan\u0131z\u0131 kald\u0131\u011f\u0131n\u0131z b\u00f6lgede onar\u0131r.<\/p>\n<p>Yol \u015fartlar\u0131nda gereken t\u00fcm ar\u0131za, bak\u0131m ve arac\u0131n\u0131z\u0131n servise g\u00f6t\u00fcr\u00fclmesi hizmetlerimiz mevcuttur. Yapman\u0131z gereken acil yol yard\u0131m telefonlar\u0131m\u0131zdan bize ula\u015fman\u0131zd\u0131r. Bulundu\u011funuz yere ivedilikle intikal edip gereken yard\u0131m yap\u0131lacakt\u0131r.<\/p>\n<p>7-24 Yol Yard\u0131m\u0131 arac\u0131m\u0131zda gerekli t\u00fcm cihazlar mevcut olup; yak\u0131t ikmali, lastik de\u011fi\u015ftirme, motor ve beyin testi, ak\u00fc takviyesi, ve her t\u00fcrl\u00fc ar\u0131za tespiti yap\u0131l\u0131r.<\/p>\n<p>Misyonumuz, m\u00fc\u015fterilerimize en y\u00fcksek kalite ve hizmeti sunmak i\u00e7in, profesyonel ve deneyimli ekibimizle birlikte, arac\u0131n\u0131z\u0131n ihtiya\u00e7lar\u0131n\u0131 kar\u015f\u0131lamak i\u00e7in \u00e7al\u0131\u015fmakt\u0131r. Bu nedenle, arac\u0131n\u0131z\u0131n performans\u0131n\u0131 maksimize etmek i\u00e7in, ar\u0131za tespiti ve onar\u0131m\u0131, motor ve mekanik hizmetleri, periyodik bak\u0131m, yaz\u0131l\u0131m g\u00fcncellemeleri, elektrik ve elektronik hizmetleri, lastik de\u011fi\u015fimi ve tamiri, ak\u00fc de\u011fi\u015fimi ve dolumu, OBD ba\u011flant\u0131s\u0131 gibi hizmetleri sunuyoruz. Bizimle \u00e7al\u0131\u015ft\u0131\u011f\u0131n\u0131zda, arac\u0131n\u0131z\u0131n g\u00fcvenli ve verimli bir \u015fekilde \u00e7al\u0131\u015fmas\u0131n\u0131 sa\u011flamak i\u00e7in g\u00fcvenebilirsiniz.[\/vc_column_text][\/vc_column][\/vc_row]\n<\/section>","protected":false},"excerpt":{"rendered":"<p>[vc_row][vc_column][vc_custom_heading text=\u201d7\/24 Yol Yard\u0131m \u2013 Misyonumuz\u201d][\/vc_column][\/vc_row][vc_row][vc_column][vc_column_text]7-24 Yol Yard\u0131m\u0131 olas\u0131 bir ar\u0131za durumunda acil yol yard\u0131m hizmeti sayesinde, arac\u0131n\u0131z onar\u0131ma ihtiya\u00e7 duydu\u011funda, ekibimiz en k\u0131sa s\u00fcrede ula\u015f\u0131r ve ar\u0131zan\u0131z\u0131 kald\u0131\u011f\u0131n\u0131z b\u00f6lgede onar\u0131r. Yol \u015fartlar\u0131nda gereken t\u00fcm ar\u0131za, bak\u0131m ve arac\u0131n\u0131z\u0131n servise g\u00f6t\u00fcr\u00fclmesi hizmetlerimiz mevcuttur. Yapman\u0131z gereken acil yol yard\u0131m telefonlar\u0131m\u0131zdan bize ula\u015fman\u0131zd\u0131r. Bulundu\u011funuz yere ivedilikle intikal [&hellip;]<\/p>\n","protected":false},"author":1,"featured_media":0,"parent":0,"menu_order":0,"comment_status":"closed","ping_status":"closed","template":"","meta":{"footnotes":""},"class_list":["post-1897","page","type-page","status-publish","hentry"],"_links":{"self":[{"href":"https:\/\/7-24yolyardimi.com\/index.php?rest_route=\/wp\/v2\/pages\/1897","targetHints":{"allow":["GET"]}}],"collection":[{"href":"https:\/\/7-24yolyardimi.com\/index.php?rest_route=\/wp\/v2\/pages"}],"about":[{"href":"https:\/\/7-24yolyardimi.com\/index.php?rest_route=\/wp\/v2\/types\/page"}],"author":[{"embeddable":true,"href":"https:\/\/7-24yolyardimi.com\/index.php?rest_route=\/wp\/v2\/users\/1"}],"replies":[{"embeddable":true,"href":"https:\/\/7-24yolyardimi.com\/index.php?rest_route=%2Fwp%2Fv2%2Fcomments&post=1897"}],"version-history":[{"count":0,"href":"https:\/\/7-24yolyardimi.com\/index.php?rest_route=\/wp\/v2\/pages\/1897\/revisions"}],"wp:attachment":[{"href":"https:\/\/7-24yolyardimi.com\/index.php?rest_route=%2Fwp%2Fv2%2Fmedia&parent=1897"}],"curies":[{"name":"wp","href":"https:\/\/api.w.org\/{rel}","templated":true}]}}