{"id":1901,"date":"2023-01-26T17:09:47","date_gmt":"2023-01-26T14:09:47","guid":{"rendered":"https:\/\/test.7-24yolyardimi.com\/?page_id=1901"},"modified":"2023-01-26T17:09:49","modified_gmt":"2023-01-26T14:09:49","slug":"vizyonumuz","status":"publish","type":"page","link":"https:\/\/7-24yolyardimi.com\/?page_id=1901","title":{"rendered":"Vizyonumuz"},"content":{"rendered":"<section class=\"wpb-content-wrapper\">[vc_row][vc_column][vc_custom_heading text=\u201d7\/24 <a href=\"https:\/\/7-24yolyardimi.com\/?p=2005\">Yol Yard\u0131m<\/a> \u2013 Vizyonumuz\u201d][\/vc_column][\/vc_row][vc_row][vc_column][vc_column_text]Firmam\u0131z, otomotiv sekt\u00f6r\u00fcnde lider bir konuma sahip olmak i\u00e7in \u00e7al\u0131\u015fmaktad\u0131r. Vizyonumuz, m\u00fckemmel hizmet kalitesi, en y\u00fcksek teknolojik standartlar ve s\u00fcrekli geli\u015fmeyi sa\u011flamakt\u0131r. Ayr\u0131ca, m\u00fc\u015fterilerimize en iyi teknik deste\u011fi sunmak i\u00e7in d\u00fcnya standartlar\u0131ndaki ekipmanlar\u0131 ve yaz\u0131l\u0131mlar\u0131 kullan\u0131yoruz. Ayr\u0131ca, \u00e7al\u0131\u015fanlar\u0131m\u0131z\u0131n e\u011fitimlerini s\u00fcrekli olarak g\u00fcncelle\u015ftiriyoruz ve m\u00fc\u015fteri memnuniyetini her zaman \u00f6n planda tutuyoruz. Vizyonumuz, m\u00fc\u015fterilerimize en iyi hizmeti sunmak ve otomotiv sekt\u00f6r\u00fcnde lider bir pozisyona ula\u015fmakt\u0131r.<\/p>\n<p>7-24 <a href=\"https:\/\/7-24yolyardimi.com\/?p=2141\">Yol Yard\u0131m\u0131<\/a> olas\u0131 bir ar\u0131za durumunda acil yol yard\u0131m hizmeti sayesinde, arac\u0131n\u0131z onar\u0131ma ihtiya\u00e7 duydu\u011funda, ekibimiz en k\u0131sa s\u00fcrede ula\u015f\u0131r ve ar\u0131zan\u0131z\u0131 kald\u0131\u011f\u0131n\u0131z b\u00f6lgede onar\u0131r.<\/p>\n<p>Yol \u015fartlar\u0131nda gereken t\u00fcm ar\u0131za, bak\u0131m ve arac\u0131n\u0131z\u0131n servise g\u00f6t\u00fcr\u00fclmesi hizmetlerimiz mevcuttur. Yapman\u0131z gereken acil yol yard\u0131m telefonlar\u0131m\u0131zdan bize ula\u015fman\u0131zd\u0131r. Bulundu\u011funuz yere ivedilikle intikal edip gereken yard\u0131m yap\u0131lacakt\u0131r.<\/p>\n<p>7-24 Yol Yard\u0131m\u0131 arac\u0131m\u0131zda gerekli t\u00fcm cihazlar mevcut olup; yak\u0131t ikmali, lastik de\u011fi\u015ftirme, motor ve beyin testi, ak\u00fc takviyesi, ve her t\u00fcrl\u00fc ar\u0131za tespiti yap\u0131l\u0131r.<\/p>\n<p>amac\u0131m\u0131z t\u00fcrkiyenin t\u00fcm yollar\u0131na t\u00fcm b\u00f6lgelerinde siz m\u00fc\u015fterilerimize h\u0131zl\u0131 yol yard\u0131m hizmeti sa\u011flamak.[\/vc_column_text][\/vc_column][\/vc_row]\n<\/section>","protected":false},"excerpt":{"rendered":"<p>[vc_row][vc_column][vc_custom_heading text=\u201d7\/24 Yol Yard\u0131m \u2013 Vizyonumuz\u201d][\/vc_column][\/vc_row][vc_row][vc_column][vc_column_text]Firmam\u0131z, otomotiv sekt\u00f6r\u00fcnde lider bir konuma sahip olmak i\u00e7in \u00e7al\u0131\u015fmaktad\u0131r. Vizyonumuz, m\u00fckemmel hizmet kalitesi, en y\u00fcksek teknolojik standartlar ve s\u00fcrekli geli\u015fmeyi sa\u011flamakt\u0131r. Ayr\u0131ca, m\u00fc\u015fterilerimize en iyi teknik deste\u011fi sunmak i\u00e7in d\u00fcnya standartlar\u0131ndaki ekipmanlar\u0131 ve yaz\u0131l\u0131mlar\u0131 kullan\u0131yoruz. Ayr\u0131ca, \u00e7al\u0131\u015fanlar\u0131m\u0131z\u0131n e\u011fitimlerini s\u00fcrekli olarak g\u00fcncelle\u015ftiriyoruz ve m\u00fc\u015fteri memnuniyetini her zaman \u00f6n planda tutuyoruz. [&hellip;]<\/p>\n","protected":false},"author":1,"featured_media":0,"parent":0,"menu_order":0,"comment_status":"closed","ping_status":"closed","template":"","meta":{"footnotes":""},"class_list":["post-1901","page","type-page","status-publish","hentry"],"_links":{"self":[{"href":"https:\/\/7-24yolyardimi.com\/index.php?rest_route=\/wp\/v2\/pages\/1901","targetHints":{"allow":["GET"]}}],"collection":[{"href":"https:\/\/7-24yolyardimi.com\/index.php?rest_route=\/wp\/v2\/pages"}],"about":[{"href":"https:\/\/7-24yolyardimi.com\/index.php?rest_route=\/wp\/v2\/types\/page"}],"author":[{"embeddable":true,"href":"https:\/\/7-24yolyardimi.com\/index.php?rest_route=\/wp\/v2\/users\/1"}],"replies":[{"embeddable":true,"href":"https:\/\/7-24yolyardimi.com\/index.php?rest_route=%2Fwp%2Fv2%2Fcomments&post=1901"}],"version-history":[{"count":0,"href":"https:\/\/7-24yolyardimi.com\/index.php?rest_route=\/wp\/v2\/pages\/1901\/revisions"}],"wp:attachment":[{"href":"https:\/\/7-24yolyardimi.com\/index.php?rest_route=%2Fwp%2Fv2%2Fmedia&parent=1901"}],"curies":[{"name":"wp","href":"https:\/\/api.w.org\/{rel}","templated":true}]}}