{"id":30,"date":"2023-01-24T04:03:04","date_gmt":"2023-01-24T01:03:04","guid":{"rendered":"http:\/\/demo.cmssuperheroes.com\/themeforest\/wp-tekhfixers\/?page_id=30"},"modified":"2026-01-11T17:46:29","modified_gmt":"2026-01-11T14:46:29","slug":"yol-yardim","status":"publish","type":"page","link":"https:\/\/7-24yolyardimi.com\/","title":{"rendered":"Anasayfa"},"content":{"rendered":"<section class=\"wpb-content-wrapper\">[vc_row full_width=\u201dstretch_row\u201d parallax=\u201dcontent-moving\u201d parallax_image=\u201d479\u2033 cms_row_class=\u201dbg-primary\u201d cms_row_image=\u201dbg-art\u201d cms_row_space=\u201drm-padding-right\u201d el_class=\u201dheader-hero\u201d][vc_column offset=\u201dvc_col-lg-6 vc_col-md-6\u2033][fr_space space_lg=\u201d50\u2033 space_md=\u201d0\u2033 space_sm=\u201d0\u2033 space_xs=\u201d0\u2033][fr_heading cms_template=\u201dfr_heading\u2013layout2.php\u201d animation=\u201dnone\u201d title=\u201d7\/24 <a href=\"https:\/\/7-24yolyardimi.com\/?page_id=36\">Yol Yard\u0131m<\/a><br \/>\nAcil Yol Servisi\u201d sub_title=\u201dAk\u00fcn\u00fcz m\u00fc bitti ?, Lastik mi patlad\u0131 ? Yolda m\u0131 kald\u0131n\u0131z ? Endi\u015felenmeyin. Yol Yard\u0131m Hizmetimiz \u0130le Size En Yak\u0131n Mobil Ekibimizi 15 dakika`da Adrese Gelir Ve Yerinde M\u00fcdahale Ve Ar\u0131za Tespiti Yap\u0131yoruz. <a href=\"https:\/\/7-24yolyardimi.com\/?p=2025\">Ak\u00fc Servisi<\/a>, <a href=\"https:\/\/7-24yolyardimi.com\/?p=1879\">Oto Lastik\u00e7i<\/a>, Ara\u00e7 Ar\u0131za Tespiti, Oto Elektrik-Elektronik, Mekanik, Hizmetlerimiz \u0130\u00e7in 7\/24 \u00c7a\u011fr\u0131 Merkezimizi Arayabilirsiniz.\u201d button_text=\u201d\u015eimdi Aray\u0131n 7\/24\u2033 button_link=\u201durl:tel%3A05323909915\u2033 title_color=\u201d#ffffff\u201d subtitle_color=\u201d#ffffff\u201d][\/vc_column][vc_column offset=\u201dvc_col-lg-6 vc_col-md-6 vc_hidden-sm vc_hidden-xs\u201d css=\u201d.vc_custom_1548661452955{margin-top: -37px !important;}\u201d][vc_single_image image=\u201d1741\u2033 img_size=\u201dfull\u201d css_animation=\u201dnone\u201d style=\u201dhover-parallax\u201d][\/vc_column][\/vc_row][vc_row css=\u201d.vc_custom_1674725730328{margin-top: 100px !important;}\u201d][vc_column offset=\u201dvc_col-lg-4 vc_col-md-6\u2033][fr_heading cms_template=\u201dfr_heading\u2013layout1.php\u201d title=\u201dSizlere<br \/>\nAcil Yard\u0131m<br \/>\nUla\u015ft\u0131rabiliriz!\u201d sub_title=\u201dSize yard\u0131m edelim!\u201d][\/vc_column][vc_column offset=\u201dvc_col-lg-4 vc_col-md-6\u2033][fr_fancybox cms_template=\u201dfr_fancybox\u2013layout1.php\u201d heading=\u201dAk\u00fc De\u011fi\u015fim Ve <a href=\"https:\/\/7-24yolyardimi.com\/?p=1877\">Ak\u00fc Takviye<\/a> Servisi\u201d text=\u201d7\/24 \u0130stedi\u011finiz Saatte Arac\u0131n\u0131za Uygun Ak\u00fcn\u00fcz\u00fc Getiriyoruz Yerinde Montaj\u0131n\u0131 Yap\u0131yoruz \u0130sterseniz Mevcut Ak\u00fcn\u00fcz\u00fc Takviye \u0130le \u015earj Ederek` de \u00c7al\u0131\u015ft\u0131rabiliyoruz En Uygun B\u00fct\u00e7e Dostu Fiyatlar \u0130le Yard\u0131mc\u0131 Oluyoruz \u0130stedi\u011finiz Saatte Kesintisiz Olarak 7\/24 Arayabilirsiniz Siz Aray\u0131n Biz Ak\u00fcn\u00fcz\u00fc Getirelim.\u201d image=\u201d1824\u2033 btn_text=\u201dAk\u00fc Servisi \u0130\u00e7in T\u0131kla\u201d btn_link=\u201durl:https%3A%2F%2F7-24yolyardimi.com%2F%3Fp%3D1877|title:Ak%C3%BC%20de%C4%9Fi%C5%9Fimi\u201d][\/vc_column][vc_column offset=\u201dvc_col-lg-4 vc_col-md-6\u2033][fr_fancybox cms_template=\u201dfr_fancybox\u2013layout1.php\u201d heading=\u201dMotor ve Mekanik Hizmetleri\u201d text=\u201dMotor ve Mekanik Hizmetleri, arac\u0131n\u0131z\u0131n i\u015fleyi\u015fini sa\u011flamak ve performans\u0131n\u0131 artt\u0131rmak i\u00e7in gerekli olan bak\u0131m ve onar\u0131mlar\u0131 kapsar. Bu hizmetler aras\u0131nda motor ya\u011f\u0131 ve filtrelerin de\u011fi\u015fimi, fren sistemi bak\u0131m\u0131, \u015fanz\u0131man bak\u0131m\u0131, radyat\u00f6r ve so\u011futma sistemi bak\u0131m\u0131 gibi i\u015flemler yer al\u0131r. Ayr\u0131ca arac\u0131n\u0131zda meydana gelen ar\u0131zalar\u0131n tespiti ve giderilmesi de bu hizmetler aras\u0131ndad\u0131r.\u201d price=\u201d0\u2033 image=\u201d1839\u2033 btn_text=\u201dMotor Mekanik \u0130\u00e7in T\u0131kla\u201d btn_link=\u201durl:https%3A%2F%2F7-24yolyardimi.com%2F%3Fp%3D1887|title:Motor%20Mekanik%20Hizmetleri\u201d][\/vc_column][vc_column offset=\u201dvc_col-lg-4 vc_col-md-6\u2033][fr_fancybox cms_template=\u201dfr_fancybox\u2013layout1.php\u201d heading=\u201dLastik De\u011fi\u015fim Veya Tamir Deste\u011fi\u201d text=\u201d<strong>Oto Lastik\u00e7i<\/strong> ve tamir deste\u011fi hizmetimizle, arac\u0131n\u0131z\u0131n lastiklerinin herhangi bir zamanda bozuldu\u011funda veya yolda kald\u0131\u011f\u0131nda endi\u015felenmenize gerek kalmaz. Profesyonel ekibimiz taraf\u0131ndan h\u0131zl\u0131 ve g\u00fcvenli bir \u015fekilde yerinde hizmet verilir. Ayr\u0131ca lastiklerinizin durumunu kontrol ettirebilir ve gerekti\u011finde de\u011fi\u015ftirebilirsiniz. \u0130leti\u015fim: +90 532 390 99 15\u2033 image=\u201d1835\u2033 btn_text=\u201dLastik \u0130\u00e7in T\u0131kla\u201d btn_link=\u201durl:https%3A%2F%2F7-24yolyardimi.com%2F%3Fp%3D1879|title:Lastik%20De%C4%9Fi%C5%9Fimi\u201d][\/vc_column][vc_column offset=\u201dvc_col-lg-4 vc_col-md-6\u2033][fr_fancybox cms_template=\u201dfr_fancybox\u2013layout1.php\u201d heading=\u201dElektrik, Elektronik\u201d text=\u201dElektrik ve Elektronik <a href=\"https:\/\/7-24yolyardimi.com\/?p=2258\">Acil Yol Yard\u0131m<\/a> hizmetimizle, arac\u0131n\u0131zda elektrik veya elektronik ar\u0131zalar kar\u015f\u0131s\u0131nda endi\u015felenmenize gerek kalmaz. Profesyonel ekibimiz taraf\u0131ndan yerinde ve h\u0131zl\u0131 bir \u015fekilde hizmet verilir. Ayr\u0131ca arac\u0131n\u0131z\u0131n elektrik veya elektronik sistemlerinin durumunu kontrol ettirebilir ve gerekti\u011finde tamir ettirebilirsiniz. Acil yol yard\u0131m hizmeti hizmetinizde.\u201d price=\u201d0\u2033 image=\u201d1837\u2033 btn_text=\u201dElektronik \u0130\u00e7in T\u0131kla\u201d btn_link=\u201durl:https%3A%2F%2F7-24yolyardimi.com%2F%3Fp%3D1883|title:Elektrik%2C%20Elektronik\u201d][\/vc_column][vc_column offset=\u201dvc_col-lg-4 vc_col-md-6\u2033][fr_fancybox cms_template=\u201dfr_fancybox\u2013layout1.php\u201d heading=\u201dYerinde Ar\u0131za Tespiti Ve OBD Ba\u011flant\u0131s\u0131\u201d text=\u201dYerinde ar\u0131za tespiti ve OBD ba\u011flant\u0131s\u0131 hizmeti, ara\u00e7lar\u0131n ar\u0131zalar\u0131n\u0131 h\u0131zl\u0131 ve do\u011fru bir \u015fekilde tespit etmenizi sa\u011flar. \u0130ster yolda olun, ister evinizde veya i\u015f yerinizde, uzman ekibimiz arac\u0131n\u0131zda ar\u0131za tespitini yapar ve OBD ba\u011flant\u0131s\u0131 ile ara\u00e7 bilgilerini okuyarak ar\u0131zan\u0131n nerede oldu\u011funu tespit eder. Bu sayede ar\u0131za \u00e7abuk ve etkili bir \u015fekilde \u00e7\u00f6z\u00fclebilir. Ayr\u0131ca, ar\u0131zan\u0131n neden kaynakland\u0131\u011f\u0131n\u0131 belirlemek i\u00e7in PC ba\u011flant\u0131s\u0131 hizmeti de sunuyoruz.\u201d price=\u201d0\u2033 image=\u201d1838\u2033 btn_text=\u201dYerinde Ar\u0131za Tespiti \u0130\u00e7in T\u0131kla\u201d btn_link=\u201durl:https%3A%2F%2F7-24yolyardimi.com%2F%3Fp%3D1885|title:Yerinde%20Ar%C4%B1za%20Tespiti\u201d][\/vc_column][\/vc_row][vc_row][vc_column][\/vc_column][vc_column][\/vc_column][\/vc_row][vc_row][vc_column][\/vc_column][\/vc_row][vc_row][vc_column][fr_space space_lg=\u201d116\u2033 space_md=\u201d50\u2033 space_sm=\u201d50\u2033 space_xs=\u201d50\u2033][\/vc_column][\/vc_row][vc_row full_width=\u201dstretch_row\u201d cms_row_overflow=\u201doff-overflow\u201d][vc_column width=\u201d5\/12\u2033 css=\u201d.vc_custom_1538558312795{margin-bottom: 20px !important;padding-right: 0px !important;}\u201d][vc_single_image image=\u201d1786\u2033 img_size=\u201d485\u00d7392\u2033 style=\u201dhover-parallax\u201d][\/vc_column][vc_column width=\u201d7\/12\u2033 css=\u201d.vc_custom_1548833688779{padding-top: 8px !important;}\u201d el_class=\u201dn-padding-md\u201d][vc_row_inner css=\u201d.vc_custom_1548659399614{padding-bottom: 17px !important;}\u201d][vc_column_inner][fr_heading cms_template=\u201dfr_heading\u2013layout1.php\u201d title=\u201dK\u0131saca Hizmetimiz\u201d sub_title=\u201d15 Dakikada Profesyonel Yol Yard\u0131m Hizmeti\u201d][\/vc_column_inner][\/vc_row_inner][vc_column_text]<strong>Yol Yard\u0131m<\/strong> <a href=\"https:\/\/7-24yolyardimi.com\/hizmetler\/\">Hizmetimiz<\/a>: Ara\u00e7lar\u0131m\u0131z\u0131n g\u00fcnl\u00fck hayatta en \u00e7ok ihtiya\u00e7 duydu\u011fumuz ara\u00e7lar\u0131m\u0131zd\u0131r. Ancak her an her yerde beklenmedik ar\u0131zalar ve sorunlarla kar\u015f\u0131la\u015fabiliriz. Ak\u00fc, Lastik, Ar\u0131za Tespit, <strong>Yak\u0131t Takviye<\/strong>, <strong>Oto Elektrik<\/strong> Ve Bir\u00e7ok Sorunlar \u0130\u00e7in Hizmet Verebiliriz. Yolda m\u0131 Kald\u0131n\u0131z ? Sorun De\u011fil bizimle ileti\u015fime ge\u00e7in ve bulundu\u011funuz adrese en yak\u0131n mobil servisimizi y\u00f6nlendirelim. Acil durumlar i\u00e7in\u00a0 7\/24 <strong><a href=\"https:\/\/7-24yolyardimi.com\/?p=2276\">en yak\u0131n yol yard\u0131m<\/a>,<\/strong> <strong><a href=\"https:\/\/7-24yolyardimi.com\/?p=2002\">Oto elektrik\u00e7i<\/a>,<\/strong> <strong>Ak\u00fc servisi<\/strong> i\u00e7in Profesyonel Hizmeti Almak \u0130\u00e7in \u0130leti\u015fim Numaram\u0131z: 0532 390 99 15<\/p>\n<h2><strong>Yol Servisi<\/strong>miz Nedir ?<\/h2>\n<p>Her an yan\u0131n\u0131zda olan bir yard\u0131m hizmetidir. Ayr\u0131ca, Arac\u0131n\u0131z yolda kalmas\u0131, lastik patlamas\u0131, benzin bitmesi gibi durumlarda ekibimiz hemen size yard\u0131mc\u0131 olur. \u00d6zellikle, yolda kalman\u0131z durumunda g\u00fcvenli ve h\u0131zl\u0131 bir \u015fekilde size ve arac\u0131n\u0131za ula\u015f\u0131r\u0131z. Ayr\u0131ca, B\u00f6ylece siz de yolculu\u011funuzu keyifle s\u00fcrd\u00fcrebilirsiniz.<\/p>\n<h3><strong>Yol Yard\u0131m\u0131<\/strong> Nedir ?<\/h3>\n<p>Ekibimiz, ara\u00e7lar\u0131n\u0131z i\u00e7in de bak\u0131m ve onar\u0131m hizmetleri sunar. Ayr\u0131ca, Bu sayede arac\u0131n\u0131z\u0131n performans\u0131n\u0131 ve verimlili\u011fini maksimize edebilirsiniz. Ayr\u0131ca, arac\u0131n\u0131z\u0131n her t\u00fcrl\u00fc bak\u0131m ve onar\u0131m ihtiyac\u0131n\u0131 kar\u015f\u0131lar. B\u00f6ylece arac\u0131n\u0131z her zaman m\u00fckemmel bir \u015fekilde \u00e7al\u0131\u015f\u0131r.<\/p>\n<p>\u00d6zellikle, her an yan\u0131n\u0131zda olan g\u00fcvenilir bir yard\u0131m hizmetdir. Ayr\u0131ca, Arac\u0131n\u0131z yolda kalmas\u0131 durumunda, profesyonel ekibimiz hemen size yard\u0131mc\u0131 olur. \u00d6zellikle, H\u0131zl\u0131 ve g\u00fcvenli bir \u015fekilde sizi ve arac\u0131n\u0131z\u0131 istedi\u011finiz yere ta\u015f\u0131yoruz. Ayr\u0131ca, ara\u00e7lar\u0131n\u0131z i\u00e7in de bak\u0131m ve onar\u0131m hizmetleri sunuyoruz.<\/p>\n<p>\u00d6zellikle, yolda kalman\u0131z durumunda her an yan\u0131n\u0131zda olan g\u00fcvenilir bir yard\u0131m hizmetidir. Ayr\u0131ca, Profesyonel ve deneyimli ekibimiz arac\u0131n\u0131z\u0131 h\u0131zl\u0131 ve g\u00fcvenli bir \u015fekilde istedi\u011finiz yere ta\u015f\u0131r. \u00d6zellikle, arac\u0131n\u0131z i\u00e7in de bak\u0131m ve onar\u0131m hizmetleri sunar. Ayr\u0131ca, Yolculu\u011funuz boyunca sizle birlikte \u00e7al\u0131\u015f\u0131r ve arac\u0131n\u0131z\u0131n performans\u0131n\u0131 ve verimlili\u011fini maksimize eder. \u00d6zellikle Her t\u00fcrl\u00fc ara\u00e7 ihtiyac\u0131n\u0131 kar\u015f\u0131lar ve arac\u0131n\u0131z\u0131 her zaman m\u00fckemmel bir \u015fekilde \u00e7al\u0131\u015f\u0131r.<\/p>\n<p>yolculu\u011funuz boyunca size yard\u0131mc\u0131 olmak i\u00e7in her zaman haz\u0131rd\u0131r. Ziyaret edin: <a href=\"https:\/\/7-24yolyardimi.com\/\" target=\"_new\" rel=\"noopener\">https:\/\/7-24yolyardimi.com\/<\/a> ve hayat\u0131n\u0131z\u0131 kolayla\u015ft\u0131r\u0131n.<\/p>\n<p>Google Haritalar \u0130\u015fyeri Adresimiz \u0130\u00e7in: <a href=\"https:\/\/g.co\/kgs\/HBYZuf\">https:\/\/g.co\/kgs\/HBYZuf<\/a>[\/vc_column_text][fr_button button_text=\u201dAcil Yol Yard\u0131m \u00c7a\u011fr\u0131s\u0131\u201d button_link=\u201durl:tel%3A05323909915\u2033 margin_top=\u201d10px\u201d][\/vc_column][\/vc_row][vc_row][vc_column][fr_space space_lg=\u201d175\u2033 space_md=\u201d100\u2033 space_sm=\u201d100\u2033 space_xs=\u201d100\u2033][\/vc_column][\/vc_row][vc_row full_width=\u201dstretch_row\u201d cms_row_class=\u201dbefore-carousel-after\u201d css=\u201d.vc_custom_1675073730105{background-position: center !important;background-repeat: no-repeat !important;background-size: cover !important;}\u201d][vc_column css=\u201d.vc_custom_1538550292798{margin-bottom: 100px !important;}\u201d][fr_testimonial_carousel testimonial_item=\u201d%5B%7B%22title%22%3A%22Mustafa%20Haktan%22%2C%22service%22%3A%22Ak%C3%BC%20De%C4%9Fi%C5%9Fimi%20ve%20Ak%C3%BC%20Tamiri%22%2C%22content%22%3A%22Gece%20havaliman%C4%B1%20yak%C4%B1nlar%C4%B1nda%20arac%C4%B1m%20stop%20etti%20ve%20h%C4%B1zl%C4%B1%20bir%20arama%20ger%C3%A7ekle%C5%9Ftirdik.%2010-15%20dakika%20i%C3%A7erisinde%20arac%C4%B1m%C4%B1n%20yan%C4%B1na%20geldiler%20ve%20ar%C4%B1za%20tespiti%20yapt%C4%B1lar%20ve%20ak%C3%BCn%C3%BCn%20bo%C5%9Fald%C4%B1%C4%9F%C4%B1n%C4%B1%20s%C3%B6ylediler.%205%20dakika%20i%C3%A7erisinde%20sorunumu%20%C3%A7%C3%B6zd%C3%BCler%20ve%20yoluma%20devam%20edebildim.%20H%C4%B1zl%C4%B1%20yol%20yard%C4%B1m%20i%C3%A7in%20te%C5%9Fekk%C3%BCrler!%22%2C%22rating%22%3A%22star5%22%7D%2C%7B%22title%22%3A%22Gizem%20Ba%C5%9Far%22%2C%22service%22%3A%22Acil%20Yol%20Yard%C4%B1m%20Hizmeti%22%2C%22content%22%3A%22Merter%20taraf%C4%B1nda%20arac%C4%B1m%C4%B1n%20ar%C4%B1za%20lambas%C4%B1%20yand%C4%B1%20ve%20istop%20etti%20%C3%A7al%C4%B1%C5%9Ft%C4%B1ramad%C4%B1m%20yol%20yard%C4%B1mdan%20geldiler%20bilgisayar%20ba%C4%9Flant%C4%B1s%C4%B1%20yaparak%20arac%C4%B1m%C4%B1n%20beyinine%20yaz%C4%B1l%C4%B1m%20att%C4%B1lar%20ve%20sorun%20%C3%A7%C3%B6z%C3%BCld%C3%BC%20kesinlikle%20%C3%B6neriyorum%20pahal%C4%B1da%20de%C4%9Filler%20fiyatlar%20%C3%A7ok%20uygun%20%22%2C%22rating%22%3A%22star5%22%7D%2C%7B%22title%22%3A%22Salih%20A.%22%2C%22service%22%3A%22Yol%20Yard%C4%B1m%20Hizmeti%22%2C%22content%22%3A%22Topkap%C4%B1%20taraf%C4%B1nda%20arac%C4%B1m%20ar%C4%B1za%20yapt%C4%B1%20bi%20arkada%C5%9F%C4%B1mdan%20yol%20yard%C4%B1m%20numaras%C4%B1%20ald%C4%B1m%20k%C4%B1sa%20s%C3%BCrede%20geldiler%20ve%20ar%C4%B1zam%C4%B1%20%C3%A7%C3%B6zd%C3%BCler%20te%C5%9Fekk%C3%BCr%20ederim%20tavsiye%20ediyorum%20%22%2C%22rating%22%3A%22star5%22%7D%2C%7B%22title%22%3A%22Sude%20S.%22%2C%22service%22%3A%22Acil%20Yol%20Yard%C4%B1m%20Hizmeti%22%2C%22content%22%3A%22bir%20bayan%20olarak%20gecenin%20bir%20saati%20biraz%20%C3%A7ekinerek%20arad%C4%B1m%20sa%C4%9Folsunlar%20h%C4%B1zl%C4%B1%20bir%20%C5%9Fekilde%20gelip%20arac%C4%B1m%C4%B1n%20sorununu%20giderlik%20ilgi%20ve%20alakadarl%C4%B1k%20i%C3%A7in%20te%C5%9Fekk%C3%BCrler%20Albayrak%20oto%22%2C%22rating%22%3A%22star5%22%7D%2C%7B%22title%22%3A%22Ertu%C4%9Frul%20A.%22%2C%22service%22%3A%22Elektronik%20Tesisat%C4%B1%22%2C%22content%22%3A%22arac%C4%B1m%20gece%20yaras%C4%B1%20bo%C4%9Fazi%C3%A7i%20k%C3%B6pr%C3%BCs%C3%BCnde%20birden%20istop%20etti%20yol%20yar%C4%B1m%20hizmetlerine%20ula%C5%9Farak%20servisi%20%C3%A7a%C4%9F%C4%B1rd%C4%B1m%20gelip%20arac%C4%B1m%C4%B1n%20elektronik%20tesisat%C4%B1n%C4%B1%20kontrol%20edip%20bulduklar%C4%B1%20sorunu%20%C3%A7%C3%B6z%C3%BCp%20yoluma%20devam%20etmemi%20sa%C4%9Flad%C4%B1lar%20te%C5%9Fekk%C3%BCrler%20murat%20usta%22%2C%22rating%22%3A%22star5%22%7D%2C%7B%22title%22%3A%22Murat%20K.%22%2C%22service%22%3A%22Elektrik%20%26%20Elektronik%20Ar%C4%B1za%22%2C%22content%22%3A%22Gece%20vakti%20ba%C5%9Fka%20%C5%9Fehirden%20geliyordum%20durduk%20yere%20arabam%20ar%C4%B1za%20verdi%20ve%20kendini%20kapatt%C4%B1%20saolsun%20bayraktar%20otoyu%20internetten%20buldum%20ve%20arad%C4%B1m%20dedi%C4%9Fi%20vakitte%20geldi%20ve%20arabam%C4%B1%20sorunsuz%20%C3%A7al%C4%B1%C5%9Fmas%C4%B1n%C4%B1%20sa%C4%9Flad%C4%B1%20rahat%20bir%20nefes%20ald%C4%B1m%20sayesinde%22%2C%22rating%22%3A%22star5%22%7D%2C%7B%22title%22%3A%22Turgay%20R.%22%2C%22service%22%3A%22OBD%20Ba%C4%9Flant%C4%B1s%C4%B1%20%26%20Beyin%22%2C%22content%22%3A%22e-5%20yolunda%20arac%C4%B1m%20ar%C4%B1za%20lambas%C4%B1%20yakt%C4%B1%20istop%20etti%20%C3%A7al%C4%B1%C5%9Fm%C4%B1yordu%20yol%20yard%C4%B1ma%20ula%C5%9Ft%C4%B1m%20gelip%20arac%C4%B1%20yerinde%20kontrol%20ettiler%20bilgisayara%20ba%C4%9Flad%C4%B1lar%20beyin%20ar%C4%B1za%20i%C3%A7eri%C4%9Fine%20reset%20atarak%20sorunu%20%C3%A7%C3%B6zd%C3%BCler.Memnun%20kald%C4%B1m%20%C3%B6neririm.%22%2C%22rating%22%3A%22star5%22%7D%2C%7B%22title%22%3A%22Nejla%20Sayan%22%2C%22service%22%3A%22Yol%20Yard%C4%B1m%20Hizmeti%22%2C%22content%22%3A%22Ben%20arkada%C5%9F%C4%B1n%20telefon%20rehberinde%20yol%20yard%C4%B1m%20olarak%20kay%C4%B1tl%C4%B1%20idi%20ordan%20ula%C5%9Ft%C4%B1m%20Murat%20Beye%20ve%20o%20kadar%20%C3%A7ok%20g%C3%BCzel%20ilgilendiki%20%C3%A7ok%20memnun%20kald%C4%B1k%20gecenin%20bir%20vakti%20te%C5%9Fekk%C3%BCr%20ederim%20ilginize%20ger%C3%A7ekten%22%2C%22rating%22%3A%22star5%22%7D%2C%7B%22title%22%3A%22Hasan%20O.%22%2C%22service%22%3A%22Lastik%20De%C4%9Fi%C5%9Fimi%20%26%20Tamiri%22%2C%22content%22%3A%22Ba%C4%9Fc%C4%B1lar%20b%C3%B6lgesinde%20arac%C4%B1m%C4%B1n%20lasti%C4%9Fi%20patlad%C4%B1.%20%C4%B0nternetten%207%2F24%20Yol%20Yard%C4%B1m%C4%B1%20firmas%C4%B1n%C4%B1%20buldum%20ve%20arad%C4%B1m.%20H%C4%B1zl%C4%B1%20bir%20%C5%9Fekilde%20geldiler%20ve%20lasti%C4%9Fi%20de%C4%9Fi%C5%9Ftirdiler.%20Te%C5%9Fekk%C3%BCrler%22%2C%22rating%22%3A%22star5%22%7D%5D\u201d col_xs=\u201d1\u2033 col_sm=\u201d1\u2033 col_md=\u201d1\u2033 col_lg=\u201d1\u2033 margin=\u201d50\u2033 loop=\u201dtrue\u201d center=\u201dtrue\u201d stage_padding=\u201d150\u2033 arrows=\u201dtrue\u201d bullets=\u201dtrue\u201d][\/vc_column][\/vc_row][vc_row css=\u201d.vc_custom_1674895322934{padding-bottom: 30px !important;}\u201d][vc_column][fr_heading cms_template=\u201dfr_heading\u2013layout1.php\u201d align_lg=\u201dalign-center\u201d align_md=\u201dalign-center-md\u201d align_sm=\u201dalign-center-sm\u201d align_xs=\u201dalign-center-xs\u201d title=\u201d<a href=\"https:\/\/7-24yolyardimi.com\/?p=2005\">Yol Yard\u0131m\u0131<\/a> Hakk\u0131nda Sorular ve Cevaplar\u201d sub_title=\u201dS\u0131k\u00e7a Sorulan Sorular\u201d][\/vc_column][\/vc_row][vc_row][vc_column width=\u201d1\/2\u2033][fr_heading text=\u201dT\u00fcm Marka Ara\u00e7lar \u0130\u00e7in Yol Yard\u0131m Hizmeti Veriyor Musunuz?\u201d font_size=\u201d20px\u201d font_size_md=\u201d20px\u201d font_size_sm=\u201d20px\u201d font_size_xs=\u201d20px\u201d font_weight=\u201d400\u2033 letter_spacing=\u201d0px\u201d text_color=\u201d#032549\u2033 custom_local_fonts=\u201dtrue\u201d local_fonts=\u201dAktivGrotesk-XBold\u201d des_font_weight=\u201d400\u2033 description_line_height=\u201d1.9\u2033 description_margin=\u201d55px\u201d description_color=\u201d#032549\u2033 description=\u201dEvet, tek bir marka odakl\u0131 olarak yol yard\u0131m hizmeti vermiyoruz. T\u00fcm marka modeller i\u00e7in yol yard\u0131m hizmetimiz vard\u0131r. son teknoloji cihazlar\u0131m\u0131z ile sizlere yol yard\u0131m hizmeti vermekteyiz.\u201d margin_bottom=\u201d28px\u201d][fr_heading text=\u201dNe kadar s\u00fcrede yard\u0131ma gelebilirsiniz?\u201d font_size=\u201d20px\u201d font_size_md=\u201d20px\u201d font_size_sm=\u201d20px\u201d font_size_xs=\u201d20px\u201d font_weight=\u201d400\u2033 letter_spacing=\u201d0px\u201d text_color=\u201d#032549\u2033 custom_local_fonts=\u201dtrue\u201d local_fonts=\u201dAktivGrotesk-XBold\u201d des_font_weight=\u201d400\u2033 description_line_height=\u201d1.9\u2033 description_margin=\u201d55px\u201d description_color=\u201d#032549\u2033 description=\u201d<a href=\"https:\/\/7-24yolyardimi.com\/?p=2141\">Yol yard\u0131m hizmet<\/a> ekibimiz bulundu\u011funuz konuma g\u00f6re 10-20 dakika aras\u0131nda gelmektedir. M\u00fcmk\u00fcn olan en k\u0131sa s\u00fcre i\u00e7erisinde sizlere ula\u015fmaya ve sorununuzu \u00e7\u00f6zmeye \u00e7al\u0131\u015f\u0131yoruz. Bunun i\u00e7in t\u00fcm imkanlar\u0131m\u0131z\u0131 zorluyoruz.\u201d margin_bottom=\u201d28px\u201d][\/vc_column][vc_column width=\u201d1\/2\u2033][fr_heading text=\u201d\u00dccretsizleriniz sabit mi yoksa de\u011fi\u015fkenlik g\u00f6steriyor mu?\u201d font_size=\u201d20px\u201d font_size_md=\u201d20px\u201d font_size_sm=\u201d20px\u201d font_size_xs=\u201d20px\u201d font_weight=\u201d400\u2033 letter_spacing=\u201d0px\u201d text_color=\u201d#032549\u2033 custom_local_fonts=\u201dtrue\u201d local_fonts=\u201dAktivGrotesk-XBold\u201d des_font_weight=\u201d400\u2033 description_line_height=\u201d1.9\u2033 description_margin=\u201d55px\u201d description_color=\u201d#032549\u2033 description=\u201d\u00dccretlerimiz sabittir. Ar\u0131za kayna\u011f\u0131 ve \u00e7\u00f6z\u00fcm\u00fcne g\u00f6re tarifelerimiz bulunmaktad\u0131r. Telefon g\u00f6r\u00fc\u015fmemiz s\u0131ras\u0131nda tespit edilen ar\u0131zalar i\u00e7in tek bir fiyat vermekteyiz ve bu fiyat\u0131n d\u0131\u015f\u0131nda ekstra \u00e7\u0131karmamaktay\u0131z.\u201d margin_bottom=\u201d28px\u201d][fr_heading text=\u201d\u00c7al\u0131\u015fma saatleriniz nedir?\u201d font_size=\u201d20px\u201d font_size_md=\u201d20px\u201d font_size_sm=\u201d20px\u201d font_size_xs=\u201d20px\u201d font_weight=\u201d400\u2033 letter_spacing=\u201d0px\u201d text_color=\u201d#032549\u2033 custom_local_fonts=\u201dtrue\u201d local_fonts=\u201dAktivGrotesk-XBold\u201d des_font_weight=\u201d400\u2033 description_line_height=\u201d1.9\u2033 description_margin=\u201d55px\u201d description_color=\u201d#032549\u2033 description=\u201d7 g\u00fcn 24 saat boyunca hizmetinizdeyiz. Mesaili bir \u00e7al\u0131\u015fmam\u0131z yoktur. Haftan\u0131n her g\u00fcn\u00fc, g\u00fcn\u00fcn her saati ve her dakikas\u0131nda <strong>yol yard\u0131m<\/strong> ekibimiz sizlere hizmet vermek i\u00e7in haz\u0131rd\u0131r. Bizi her zaman ve her saatte arayabilirsiniz!\u201d margin_bottom=\u201d28px\u201d][\/vc_column][\/vc_row][vc_row][vc_column][vc_gmaps link=\u201d#E-8_JTNDaWZyYW1lJTIwc3JjJTNEJTIyaHR0cHMlM0ElMkYlMkZ3d3cuZ29vZ2xlLmNvbSUyRm1hcHMlMkZlbWJlZCUzRnBiJTNEJTIxMW0xOCUyMTFtMTIlMjExbTMlMjExZDI0MDc3LjM0NTQ2Nzg0OTM4NyUyMTJkMjguODQyMTkwNzQyNzk5MzYlMjEzZDQxLjAzMjUxNDg3ODIzMDI5NSUyMTJtMyUyMTFmMCUyMTJmMCUyMTNmMCUyMTNtMiUyMTFpMTAyNCUyMTJpNzY4JTIxNGYxMy4xJTIxM20zJTIxMW0yJTIxMXMweDE0Y2FhNTJiNjZhMmUzZjElMjUzQTB4YmUxMWY1YjJiYjJhMTU3MiUyMTJzWW9sJTI1MjBZYXJkJTI1QzQlMjVCMW0lMjUyMEFrJTI1QzMlMjVCQyUyNTIwU2VydmlzaSUyNTIwT3RvJTI1MjBMYXN0aWslMjVDMyUyNUE3aSUyNTIwQXIlMjVDNCUyNUIxemElMjUyMFRlc3BpdGklMjUyMEFjaWwlMjUyMDclMjUyRjI0JTI1MjBTZXJ2aXMlMjE1ZTAlMjEzbTIlMjExc3RyJTIxMnN0ciUyMTR2MTcxNzQ1NDE4OTE1OCUyMTVtMiUyMTFzdHIlMjEyc3RyJTIyJTIwd2lkdGglM0QlMjI2MDAlMjIlMjBoZWlnaHQlM0QlMjI0NTAlMjIlMjBzdHlsZSUzRCUyMmJvcmRlciUzQTAlM0IlMjIlMjBhbGxvd2Z1bGxzY3JlZW4lM0QlMjIlMjIlMjBsb2FkaW5nJTNEJTIybGF6eSUyMiUyMHJlZmVycmVycG9saWN5JTNEJTIybm8tcmVmZXJyZXItd2hlbi1kb3duZ3JhZGUlMjIlM0UlM0MlMkZpZnJhbWUlM0U=\u201d][fr_heading cms_template=\u201dfr_heading\u2013layout1.php\u201d align_lg=\u201dalign-center\u201d align_md=\u201dalign-center-md\u201d align_sm=\u201dalign-center-sm\u201d align_xs=\u201dalign-center-xs\u201d title=\u201dBlog\u201d sub_title=\u201d<strong>Yol yard\u0131m\u0131<\/strong> hakk\u0131nda merak etti\u011finiz her \u015fey bu blog i\u00e7inde.\u201d][\/vc_column][\/vc_row][vc_row][vc_column][vc_basic_grid post_type=\u201dpost\u201d max_items=\u201d6\u2033 grid_id=\u201dvc_gid:1768142460116-74746b5a438697ad67da6adb0d46f882-2\u2033][\/vc_column][\/vc_row]\n<\/section>","protected":false},"excerpt":{"rendered":"<p>[vc_row full_width=\u201dstretch_row\u201d parallax=\u201dcontent-moving\u201d parallax_image=\u201d479\u2033 cms_row_class=\u201dbg-primary\u201d cms_row_image=\u201dbg-art\u201d cms_row_space=\u201drm-padding-right\u201d el_class=\u201dheader-hero\u201d][vc_column offset=\u201dvc_col-lg-6 vc_col-md-6\u2033][fr_space space_lg=\u201d50\u2033 space_md=\u201d0\u2033 space_sm=\u201d0\u2033 space_xs=\u201d0\u2033][fr_heading cms_template=\u201dfr_heading\u2013layout2.php\u201d animation=\u201dnone\u201d title=\u201d7\/24 Yol Yard\u0131m Acil Yol Servisi\u201d sub_title=\u201dAk\u00fcn\u00fcz m\u00fc bitti ?, Lastik mi patlad\u0131 ? Yolda m\u0131 kald\u0131n\u0131z ? Endi\u015felenmeyin. Yol Yard\u0131m Hizmetimiz \u0130le Size En Yak\u0131n Mobil Ekibimizi 15 dakika`da Adrese Gelir Ve Yerinde M\u00fcdahale Ve Ar\u0131za Tespiti Yap\u0131yoruz. [&hellip;]<\/p>\n","protected":false},"author":1,"featured_media":2281,"parent":0,"menu_order":0,"comment_status":"closed","ping_status":"closed","template":"","meta":{"footnotes":""},"class_list":["post-30","page","type-page","status-publish","has-post-thumbnail","hentry"],"_links":{"self":[{"href":"https:\/\/7-24yolyardimi.com\/index.php?rest_route=\/wp\/v2\/pages\/30","targetHints":{"allow":["GET"]}}],"collection":[{"href":"https:\/\/7-24yolyardimi.com\/index.php?rest_route=\/wp\/v2\/pages"}],"about":[{"href":"https:\/\/7-24yolyardimi.com\/index.php?rest_route=\/wp\/v2\/types\/page"}],"author":[{"embeddable":true,"href":"https:\/\/7-24yolyardimi.com\/index.php?rest_route=\/wp\/v2\/users\/1"}],"replies":[{"embeddable":true,"href":"https:\/\/7-24yolyardimi.com\/index.php?rest_route=%2Fwp%2Fv2%2Fcomments&post=30"}],"version-history":[{"count":5,"href":"https:\/\/7-24yolyardimi.com\/index.php?rest_route=\/wp\/v2\/pages\/30\/revisions"}],"predecessor-version":[{"id":2310,"href":"https:\/\/7-24yolyardimi.com\/index.php?rest_route=\/wp\/v2\/pages\/30\/revisions\/2310"}],"wp:featuredmedia":[{"embeddable":true,"href":"https:\/\/7-24yolyardimi.com\/index.php?rest_route=\/wp\/v2\/media\/2281"}],"wp:attachment":[{"href":"https:\/\/7-24yolyardimi.com\/index.php?rest_route=%2Fwp%2Fv2%2Fmedia&parent=30"}],"curies":[{"name":"wp","href":"https:\/\/api.w.org\/{rel}","templated":true}]}}