{"id":45,"date":"2018-08-30T04:05:46","date_gmt":"2018-08-30T04:05:46","guid":{"rendered":"http:\/\/demo.cmssuperheroes.com\/themeforest\/wp-tekhfixers\/?page_id=45"},"modified":"2024-01-03T02:05:28","modified_gmt":"2024-01-02T23:05:28","slug":"bloglar","status":"publish","type":"page","link":"https:\/\/7-24yolyardimi.com\/?page_id=45","title":{"rendered":"Yol Yard\u0131m Blog"},"content":{"rendered":"<section class=\"wpb-content-wrapper\">[vc_row][vc_column][fr_heading text=\u201d7\/24 <a href=\"https:\/\/7-24yolyardimi.com\/?p=2005\">Yol Yard\u0131m<\/a> \u2013 Blog\u201d tag=\u201dh1\u2033 font_size=\u201d54px\u201d font_size_md=\u201d54pxx\u201d font_size_sm=\u201d40px\u201d font_size_xs=\u201d40px\u201d font_weight=\u201d400\u2033 letter_spacing=\u201d-.016em\u201d margin_top=\u201d9px\u201d margin_bottom=\u201d36px\u201d][fr_heading text=\u201d7\/24 <a href=\"https:\/\/7-24yolyardimi.com\/?p=2141\">Yol Yard\u0131m Hizmet<\/a> B\u00f6lgelerimiz \u0130stanbul\/Avrupa Yakas\u0131 B\u00f6lgesinde Sunulmaktad\u0131r.<br \/>\n<a href=\"https:\/\/7-24yolyardimi.com\/?p=2209\">Yerinde Yol Yard\u0131m<\/a>, Ar\u0131za Tespiti, <a href=\"https:\/\/7-24yolyardimi.com\/?p=1877\">Ak\u00fc Servisi<\/a>, Oto Lastik Ve Tamiri Gibi Bir\u00e7ok Hizmet Bulunmaktad\u0131r. En K\u0131sa S\u00fcrede En H\u0131zl\u0131 Yol Yard\u0131m Deste\u011fi \u0130\u00e7in Bize Ula\u015f\u0131n\u201d tag=\u201dh1\u2033 font_size=\u201d54px\u201d font_size_md=\u201d54pxx\u201d font_size_sm=\u201d40px\u201d font_size_xs=\u201d40px\u201d font_weight=\u201d400\u2033 letter_spacing=\u201d-.016em\u201d margin_top=\u201d9px\u201d margin_bottom=\u201d36px\u201d description=\u201dyol yard\u0131m, <a href=\"https:\/\/7-24yolyardimi.com\/?p=1879\">oto lastik\u00e7i<\/a>, ak\u00fc servisi, <a href=\"https:\/\/7-24yolyardimi.com\/?page_id=36\">yol yard\u0131m\u0131<\/a>, acil yol yard\u0131m,\u201d][\/vc_column][\/vc_row][vc_row][vc_column][fr_blog_grid limit=\u201d8\u2033 col_xs=\u201d1\u2033 col_sm=\u201d2\u2033 col_md=\u201d2\u2033 col_lg=\u201d2\u2033][\/vc_column][\/vc_row]\n<\/section>","protected":false},"excerpt":{"rendered":"<p>[vc_row][vc_column][fr_heading text=\u201d7\/24 Yol Yard\u0131m \u2013 Blog\u201d tag=\u201dh1\u2033 font_size=\u201d54px\u201d font_size_md=\u201d54pxx\u201d font_size_sm=\u201d40px\u201d font_size_xs=\u201d40px\u201d font_weight=\u201d400\u2033 letter_spacing=\u201d-.016em\u201d margin_top=\u201d9px\u201d margin_bottom=\u201d36px\u201d][fr_heading text=\u201d7\/24 Yol Yard\u0131m Hizmet B\u00f6lgelerimiz \u0130stanbul\/Avrupa Yakas\u0131 B\u00f6lgesinde Sunulmaktad\u0131r. Yerinde Yol Yard\u0131m, Ar\u0131za Tespiti, Ak\u00fc Servisi, Oto Lastik Ve Tamiri Gibi Bir\u00e7ok Hizmet Bulunmaktad\u0131r. En K\u0131sa S\u00fcrede En H\u0131zl\u0131 Yol Yard\u0131m Deste\u011fi \u0130\u00e7in Bize Ula\u015f\u0131n\u201d tag=\u201dh1\u2033 font_size=\u201d54px\u201d font_size_md=\u201d54pxx\u201d font_size_sm=\u201d40px\u201d font_size_xs=\u201d40px\u201d [&hellip;]<\/p>\n","protected":false},"author":1,"featured_media":0,"parent":0,"menu_order":0,"comment_status":"closed","ping_status":"closed","template":"","meta":{"footnotes":""},"class_list":["post-45","page","type-page","status-publish","hentry"],"_links":{"self":[{"href":"https:\/\/7-24yolyardimi.com\/index.php?rest_route=\/wp\/v2\/pages\/45","targetHints":{"allow":["GET"]}}],"collection":[{"href":"https:\/\/7-24yolyardimi.com\/index.php?rest_route=\/wp\/v2\/pages"}],"about":[{"href":"https:\/\/7-24yolyardimi.com\/index.php?rest_route=\/wp\/v2\/types\/page"}],"author":[{"embeddable":true,"href":"https:\/\/7-24yolyardimi.com\/index.php?rest_route=\/wp\/v2\/users\/1"}],"replies":[{"embeddable":true,"href":"https:\/\/7-24yolyardimi.com\/index.php?rest_route=%2Fwp%2Fv2%2Fcomments&post=45"}],"version-history":[{"count":1,"href":"https:\/\/7-24yolyardimi.com\/index.php?rest_route=\/wp\/v2\/pages\/45\/revisions"}],"predecessor-version":[{"id":2254,"href":"https:\/\/7-24yolyardimi.com\/index.php?rest_route=\/wp\/v2\/pages\/45\/revisions\/2254"}],"wp:attachment":[{"href":"https:\/\/7-24yolyardimi.com\/index.php?rest_route=%2Fwp%2Fv2%2Fmedia&parent=45"}],"curies":[{"name":"wp","href":"https:\/\/api.w.org\/{rel}","templated":true}]}}